{"id":974,"date":"2023-10-11T12:22:35","date_gmt":"2023-10-11T12:22:35","guid":{"rendered":"https:\/\/reishihouse.com\/staging\/?post_type=product&#038;p=974"},"modified":"2023-10-11T12:22:40","modified_gmt":"2023-10-11T12:22:40","slug":"chaga-extract-powder","status":"publish","type":"product","link":"https:\/\/reishihouse.com\/staging\/product\/chaga-extract-powder\/","title":{"rendered":"Chaga extract powder"},"content":{"rendered":"<p>Flow through every day.<\/p>\n<p>Good morning! Start your day with chaga.<\/p>\n<p>The K\u00c4\u00c4P\u00c4 Mushrooms Chaga Extract Powder is potent and bioavailable, extracted with ultrasonic assisted technology (UAE) for higher concentration of bioactive compounds.<\/p>\n<p>\u2013 10% beta-glucans<br \/>\n\u2013 gluten free<br \/>\n\u2013 vegan<br \/>\n\u2013 extracted with UAE technology<br \/>\n\u2013 fruiting bodies only<br \/>\n\u2013 no added starch, mycelium, or grain<\/p>\n<p>Suggested use:<\/p>\n<p>The everyday companion: our favourite way to use chaga powder is to mix half a teaspoon into our morning coffee or tea for a smoother start to the day. Chaga powder is also a great boost in any smoothie recipe of your choice.<\/p>\n","protected":false},"excerpt":{"rendered":"<p>Flow through every day.<\/p>\n<p>Good morning! Start your day with chaga.<\/p>\n<p>The K\u00c4\u00c4P\u00c4 Mushrooms Chaga Extract Powder is potent and bioavailable, extracted with ultrasonic assisted technology (UAE) for higher concentration of bioactive compounds.<\/p>\n<p>\u2013 10% beta-glucans<br \/>\n\u2013 gluten free<br \/>\n\u2013 vegan<br \/>\n\u2013 extracted with UAE technology<br \/>\n\u2013 fruiting bodies only<br \/>\n\u2013 no added starch, mycelium, or grain<\/p>\n<p>Suggested use:<\/p>\n<p>The everyday companion: our favourite way to use chaga powder is to mix half a teaspoon into our morning coffee or tea for a smoother start to the day. Chaga powder is also a great boost in any smoothie recipe of your choice.<\/p>\n","protected":false},"author":1,"featured_media":975,"comment_status":"open","ping_status":"closed","template":"","meta":[],"product_brand":[],"product_cat":[24],"product_tag":[],"brand":[106],"mushroom_type":[71],"class_list":{"0":"post-974","1":"product","2":"type-product","3":"status-publish","4":"has-post-thumbnail","6":"product_cat-powders","7":"brand-kaapa-mushroom","8":"mushroom_type-chaga","9":"entry","11":"first","12":"instock","13":"shipping-taxable","14":"purchasable","15":"product-type-simple"},"acf":[],"_links":{"self":[{"href":"https:\/\/reishihouse.com\/staging\/wp-json\/wp\/v2\/product\/974","targetHints":{"allow":["GET"]}}],"collection":[{"href":"https:\/\/reishihouse.com\/staging\/wp-json\/wp\/v2\/product"}],"about":[{"href":"https:\/\/reishihouse.com\/staging\/wp-json\/wp\/v2\/types\/product"}],"author":[{"embeddable":true,"href":"https:\/\/reishihouse.com\/staging\/wp-json\/wp\/v2\/users\/1"}],"replies":[{"embeddable":true,"href":"https:\/\/reishihouse.com\/staging\/wp-json\/wp\/v2\/comments?post=974"}],"wp:featuredmedia":[{"embeddable":true,"href":"https:\/\/reishihouse.com\/staging\/wp-json\/wp\/v2\/media\/975"}],"wp:attachment":[{"href":"https:\/\/reishihouse.com\/staging\/wp-json\/wp\/v2\/media?parent=974"}],"wp:term":[{"taxonomy":"product_brand","embeddable":true,"href":"https:\/\/reishihouse.com\/staging\/wp-json\/wp\/v2\/product_brand?post=974"},{"taxonomy":"product_cat","embeddable":true,"href":"https:\/\/reishihouse.com\/staging\/wp-json\/wp\/v2\/product_cat?post=974"},{"taxonomy":"product_tag","embeddable":true,"href":"https:\/\/reishihouse.com\/staging\/wp-json\/wp\/v2\/product_tag?post=974"},{"taxonomy":"brand","embeddable":true,"href":"https:\/\/reishihouse.com\/staging\/wp-json\/wp\/v2\/brand?post=974"},{"taxonomy":"mushroom_type","embeddable":true,"href":"https:\/\/reishihouse.com\/staging\/wp-json\/wp\/v2\/mushroom_type?post=974"}],"curies":[{"name":"wp","href":"https:\/\/api.w.org\/{rel}","templated":true}]}}