{"id":733,"date":"2023-10-05T13:13:03","date_gmt":"2023-10-05T13:13:03","guid":{"rendered":"https:\/\/reishihouse.com\/staging\/?post_type=product&#038;p=733"},"modified":"2023-10-11T07:08:38","modified_gmt":"2023-10-11T07:08:38","slug":"hericium-digest","status":"publish","type":"product","link":"https:\/\/reishihouse.com\/staging\/product\/hericium-digest\/","title":{"rendered":"Hericium Digest"},"content":{"rendered":"<pre id=\"tw-target-text\" class=\"tw-data-text tw-text-large tw-ta\" dir=\"ltr\" data-placeholder=\"Translation\" data-ved=\"2ahUKEwjcirPzrO2BAxUMZ94KHYVWDbkQ3ewLegQICBAQ\"><span class=\"Y2IQFc\" lang=\"en\">100 g pack based on Hericium erinaceus of exclusively European organic production.<\/span><\/pre>\n<p>NB: available in all pharmacies and parapharmacies through pharmaceutical wholesalers with the code paraf. 973211586 and in the best herbalist shops.<\/p>\n<p>Mushrooms are considered SUPERFOOD, or &#8220;superfoods&#8221;, in fact they provide all the vitality and energy the body needs, thanks to their high nutrient content and because they are natural sources of vitamins, minerals and fibre.<\/p>\n<p>Hericium erinaceus, also known as &#8220;lion&#8217;s mane&#8221;, is an edible mushroom found mainly in Eastern Asian countries. In China and Japan this mushroom is known respectively as H\u00f3u T\u00f3u G\u016b and Yamabushitake and has a long history of use in Traditional Chinese Medicine (TCM). This mushroom is rich in some physiologically important components &#8211; such as polysaccharides, \u03b2-glucans and erinacins &#8211; responsible for various biological activities.<\/p>\n<p>The cultivation of this mushroom takes place in a magnificent chestnut forest located along the Atlantic Coast in Galicia, it is harvested by hand and dried in the sun at temperatures below 40\u00b0C, in order to maintain its nutritional value unaltered and preserving its bioactive compounds , in particular vitamins, proteins and enzymes.<\/p>\n<p>Format: 100 g bag. 100% Hericium powder (Hericium erinaceus) from organic production.<\/p>\n<p>Preparation: add 1 or 2 tablespoons to your favorite smoothie or soups, rice, yogurt, cocoa, etc. \u2013 Click here to learn about our Prebiotic Smoothie recipe with HericiumDigest.<\/p>\n<p>Bibliographic sources<\/p>\n<p>Jing-Yang Wong, Mahmood Ameen Abdulla, Jegadeesh Raman, Chia-Wei Phan, Umah Rani Kuppusamy, Shahram Golbabapour and Vikineswary Sabaratnam. Gastroprotective Effects of Lion\u2019s Mane Mushroom Hericium erinaceus (Bull.:Fr.) Pers. (Aphyllophoromycetideae) Extract against Ethanol-Induced Ulcer in Rats. Evid Based Complement Alternat Med. 2013; 2013: 492976. Published online 2013 Nov 5. doi: 10.1155\/2013\/492976. PMCID: PMC3835629<br \/>\nSheng X, Yan J, Meng Y, Kang Y, Han Z, Tai G, Zhou Y, Cheng H. Immunomodulatory effects of Hericium erinaceus derived polysaccharides are mediated by intestinal immunology. Food Funct. 2017 Mar 22;8(3):1020-1027. doi: 10.1039\/c7fo00071e.<\/p>\n<p>The product does not intend to prevent, treat or cure human diseases and does not replace either diagnosis or therapy, which are acts pertaining to the doctor (in compliance with Legislative Decree 109 of 27.1.1992 and subsequent amendments).<\/p>\n","protected":false},"excerpt":{"rendered":"<p>100 g pack based on Hericium erinaceus of exclusively European organic production.<\/p>\n<p>\nNB: available in all pharmacies and parapharmacies through pharmaceutical wholesalers with the code paraf. 973211586 and in the best herbalist shops.<\/p>\n<p>Mushrooms are considered SUPERFOOD, or &#8220;superfoods&#8221;, in fact they provide all the vitality and energy the body needs, thanks to their high nutrient content and because they are natural sources of vitamins, minerals and fibre.<\/p>\n<p>Hericium erinaceus, also known as &#8220;lion&#8217;s mane&#8221;, is an edible mushroom found mainly in Eastern Asian countries. In China and Japan this mushroom is known respectively as H\u00f3u T\u00f3u G\u016b and Yamabushitake and has a long history of use in Traditional Chinese Medicine (TCM). This mushroom is rich in some physiologically important components &#8211; such as polysaccharides, \u03b2-glucans and erinacins &#8211; responsible for various biological activities.<\/p>\n<p>The cultivation of this mushroom takes place in a magnificent chestnut forest located along the Atlantic Coast in Galicia, it is harvested by hand and   <a style=\"color:#9a2339;\" target=\"_blank\" href=\"https:\/\/hifasdaterra.it\/product\/hericium-digest-powder-superfood-digestive-balance\/\" rel=\"nofollow\">[&#8230;Read More]<\/a><\/p>\n","protected":false},"author":1,"featured_media":737,"comment_status":"open","ping_status":"closed","template":"","meta":[],"product_brand":[],"product_cat":[24],"product_tag":[],"brand":[96],"mushroom_type":[79],"class_list":{"0":"post-733","1":"product","2":"type-product","3":"status-publish","4":"has-post-thumbnail","6":"product_cat-powders","7":"brand-hifas-da-tarra","8":"mushroom_type-cordyceps","9":"entry","11":"first","12":"instock","13":"shipping-taxable","14":"purchasable","15":"product-type-simple"},"acf":[],"_links":{"self":[{"href":"https:\/\/reishihouse.com\/staging\/wp-json\/wp\/v2\/product\/733","targetHints":{"allow":["GET"]}}],"collection":[{"href":"https:\/\/reishihouse.com\/staging\/wp-json\/wp\/v2\/product"}],"about":[{"href":"https:\/\/reishihouse.com\/staging\/wp-json\/wp\/v2\/types\/product"}],"author":[{"embeddable":true,"href":"https:\/\/reishihouse.com\/staging\/wp-json\/wp\/v2\/users\/1"}],"replies":[{"embeddable":true,"href":"https:\/\/reishihouse.com\/staging\/wp-json\/wp\/v2\/comments?post=733"}],"wp:featuredmedia":[{"embeddable":true,"href":"https:\/\/reishihouse.com\/staging\/wp-json\/wp\/v2\/media\/737"}],"wp:attachment":[{"href":"https:\/\/reishihouse.com\/staging\/wp-json\/wp\/v2\/media?parent=733"}],"wp:term":[{"taxonomy":"product_brand","embeddable":true,"href":"https:\/\/reishihouse.com\/staging\/wp-json\/wp\/v2\/product_brand?post=733"},{"taxonomy":"product_cat","embeddable":true,"href":"https:\/\/reishihouse.com\/staging\/wp-json\/wp\/v2\/product_cat?post=733"},{"taxonomy":"product_tag","embeddable":true,"href":"https:\/\/reishihouse.com\/staging\/wp-json\/wp\/v2\/product_tag?post=733"},{"taxonomy":"brand","embeddable":true,"href":"https:\/\/reishihouse.com\/staging\/wp-json\/wp\/v2\/brand?post=733"},{"taxonomy":"mushroom_type","embeddable":true,"href":"https:\/\/reishihouse.com\/staging\/wp-json\/wp\/v2\/mushroom_type?post=733"}],"curies":[{"name":"wp","href":"https:\/\/api.w.org\/{rel}","templated":true}]}}