{"id":1021,"date":"2023-10-11T13:27:01","date_gmt":"2023-10-11T13:27:01","guid":{"rendered":"https:\/\/reishihouse.com\/staging\/?post_type=product&#038;p=1021"},"modified":"2023-10-11T13:27:09","modified_gmt":"2023-10-11T13:27:09","slug":"agarikon","status":"publish","type":"product","link":"https:\/\/reishihouse.com\/staging\/product\/agarikon\/","title":{"rendered":"Agarikon"},"content":{"rendered":"<p>Agarikon (verp\u00e1n\u00edk l\u00e9ka\u0159sk\u00fd) je houba, kter\u00e1 se v l\u00e9\u010ditelstv\u00ed pou\u017e\u00edv\u00e1 v Evrop\u011b ji\u017e od dob Antiky. Jeho vyu\u017eit\u00ed tehdy zdokumentoval ji\u017e l\u00e9ka\u0159 Neronovy arm\u00e1dy Dioscorides v roce 65 na\u0161eho letopo\u010dtu.<\/p>\n<p>Na t\u011bchto str\u00e1nk\u00e1ch se o \u00fa\u010dinc\u00edch Agarikonu p\u0159\u00edli\u0161 nedozv\u00edte.<\/p>\n<p>Pro\u010d je 30 % polysacharid\u016f u na\u0161eho Agarikonu optim\u00e1ln\u00ed koncentrace? Vysv\u011btlen\u00ed najdete zde.<\/p>\n<p>Ve\u0161kerou houbovou surovinu si nech\u00e1v\u00e1me testovat v n\u011bmeck\u00e9 nez\u00e1visl\u00e9 laborato\u0159i Agrolab na v\u00edce jak 500 druh\u016f zn\u00e1m\u00fdch t\u011b\u017ek\u00fdch kov\u016f, pesticid\u016f a \u010dlov\u011bku nebezpe\u010dn\u00fdch mikroorganism\u016f. Testujeme tak\u00e9 PAHs a radioaktivitu. Testujeme ka\u017edou \u0161ar\u017ei. Takto obs\u00e1hl\u00e9 testy \u017e\u00e1dn\u00fd jin\u00fd v\u00fdrobce v \u010cech\u00e1ch nenab\u00edz\u00ed (pokud \u0159\u00edk\u00e1, \u017ee ano, vy\u017e\u00e1dejte si je). A u hub jsou takov\u00e9to testy velmi d\u016fle\u017eit\u00e9. Testy si m\u016f\u017eete prohl\u00e9dnout zde, zde a zde.<\/p>\n<p>You can also order our products by phone from 7.00 am to 3.00 pm +420 739 454 915.<\/p>\n","protected":false},"excerpt":{"rendered":"<p>Agarikon (verp\u00e1n\u00edk l\u00e9ka\u0159sk\u00fd) je houba, kter\u00e1 se v l\u00e9\u010ditelstv\u00ed pou\u017e\u00edv\u00e1 v Evrop\u011b ji\u017e od dob Antiky. Jeho vyu\u017eit\u00ed tehdy zdokumentoval ji\u017e l\u00e9ka\u0159 Neronovy arm\u00e1dy Dioscorides v roce 65 na\u0161eho letopo\u010dtu.<\/p>\n<p>Na t\u011bchto str\u00e1nk\u00e1ch se o \u00fa\u010dinc\u00edch Agarikonu p\u0159\u00edli\u0161 nedozv\u00edte.<\/p>\n<p>Pro\u010d je 30 % polysacharid\u016f u na\u0161eho Agarikonu optim\u00e1ln\u00ed koncentrace? Vysv\u011btlen\u00ed najdete zde.<\/p>\n<p>Ve\u0161kerou houbovou surovinu si nech\u00e1v\u00e1me testovat v n\u011bmeck\u00e9 nez\u00e1visl\u00e9 laborato\u0159i Agrolab na v\u00edce jak 500 druh\u016f zn\u00e1m\u00fdch t\u011b\u017ek\u00fdch kov\u016f, pesticid\u016f a \u010dlov\u011bku nebezpe\u010dn\u00fdch mikroorganism\u016f. Testujeme tak\u00e9 PAHs a radioaktivitu. Testujeme ka\u017edou \u0161ar\u017ei. Takto obs\u00e1hl\u00e9 testy \u017e\u00e1dn\u00fd jin\u00fd v\u00fdrobce v \u010cech\u00e1ch nenab\u00edz\u00ed (pokud \u0159\u00edk\u00e1, \u017ee ano, vy\u017e\u00e1dejte si je). A u hub jsou takov\u00e9to testy velmi d\u016fle\u017eit\u00e9. Testy si m\u016f\u017eete prohl\u00e9dnout zde, zde a zde.<\/p>\n<p>You can also order our products by phone from 7.00 am to 3.00 pm +420 739 454 915.<\/p>\n","protected":false},"author":1,"featured_media":1022,"comment_status":"open","ping_status":"closed","template":"","meta":[],"product_brand":[],"product_cat":[57],"product_tag":[],"brand":[105],"mushroom_type":[111],"class_list":{"0":"post-1021","1":"product","2":"type-product","3":"status-publish","4":"has-post-thumbnail","6":"product_cat-extracts","7":"brand-myco-medica","8":"mushroom_type-agarikon","9":"entry","11":"first","12":"instock","13":"shipping-taxable","14":"purchasable","15":"product-type-simple"},"acf":[],"_links":{"self":[{"href":"https:\/\/reishihouse.com\/staging\/wp-json\/wp\/v2\/product\/1021","targetHints":{"allow":["GET"]}}],"collection":[{"href":"https:\/\/reishihouse.com\/staging\/wp-json\/wp\/v2\/product"}],"about":[{"href":"https:\/\/reishihouse.com\/staging\/wp-json\/wp\/v2\/types\/product"}],"author":[{"embeddable":true,"href":"https:\/\/reishihouse.com\/staging\/wp-json\/wp\/v2\/users\/1"}],"replies":[{"embeddable":true,"href":"https:\/\/reishihouse.com\/staging\/wp-json\/wp\/v2\/comments?post=1021"}],"wp:featuredmedia":[{"embeddable":true,"href":"https:\/\/reishihouse.com\/staging\/wp-json\/wp\/v2\/media\/1022"}],"wp:attachment":[{"href":"https:\/\/reishihouse.com\/staging\/wp-json\/wp\/v2\/media?parent=1021"}],"wp:term":[{"taxonomy":"product_brand","embeddable":true,"href":"https:\/\/reishihouse.com\/staging\/wp-json\/wp\/v2\/product_brand?post=1021"},{"taxonomy":"product_cat","embeddable":true,"href":"https:\/\/reishihouse.com\/staging\/wp-json\/wp\/v2\/product_cat?post=1021"},{"taxonomy":"product_tag","embeddable":true,"href":"https:\/\/reishihouse.com\/staging\/wp-json\/wp\/v2\/product_tag?post=1021"},{"taxonomy":"brand","embeddable":true,"href":"https:\/\/reishihouse.com\/staging\/wp-json\/wp\/v2\/brand?post=1021"},{"taxonomy":"mushroom_type","embeddable":true,"href":"https:\/\/reishihouse.com\/staging\/wp-json\/wp\/v2\/mushroom_type?post=1021"}],"curies":[{"name":"wp","href":"https:\/\/api.w.org\/{rel}","templated":true}]}}